{"id":13579,"date":"2018-10-04T10:35:46","date_gmt":"2018-10-04T10:35:46","guid":{"rendered":"https:\/\/w-bosch.de\/?page_id=13579"},"modified":"2019-09-27T11:51:08","modified_gmt":"2019-09-27T11:51:08","slug":"valeron-2","status":"publish","type":"page","link":"https:\/\/w-bosch.de\/en\/product-overview\/valeron-2\/","title":{"rendered":"Vale\u0301ron<span class=\"sup\">\u00ae<\/span>"},"content":{"rendered":"<div class=\"wpb-content-wrapper\"><p>[vc_row css=&#8221;.vc_custom_1534591936519{margin-top: 40px !important;margin-bottom: 40px !important;}&#8221;][vc_column width=&#8221;1\/3&#8243; css=&#8221;.vc_custom_1481632156750{margin-top: 7px !important;border-top-width: 1px !important;border-right-width: 1px !important;border-bottom-width: 1px !important;border-left-width: 1px !important;padding-top: 13px !important;padding-bottom: 30px !important;border-left-color: #c5c5c5 !important;border-left-style: solid !important;border-right-color: #c5c5c5 !important;border-right-style: solid !important;border-top-color: #c5c5c5 !important;border-top-style: solid !important;border-bottom-color: #c5c5c5 !important;border-bottom-style: solid !important;}&#8221; offset=&#8221;vc_hidden-sm vc_hidden-xs&#8221;][vc_single_image image=&#8221;13626&#8243; img_size=&#8221;full&#8221;][vc_custom_heading text=&#8221;Download Now&#8221; font_container=&#8221;tag:h3|text_align:left&#8221;][vc_row_inner][vc_column_inner][vc_btn title=&#8221;W.Bosch+Co._Vale\u0301ron\u00ae (EN) (886 KB)&#8221; style=&#8221;outline&#8221; shape=&#8221;square&#8221; color=&#8221;danger&#8221; i_icon_fontawesome=&#8221;fa fa-file-pdf-o&#8221; add_icon=&#8221;true&#8221; el_class=&#8221;btn-ghost skin-dark career-isotope-button&#8221; link=&#8221;url:%2Fwp-content%2Fuploads%2F2018%2F10%2Fw_bosch_valeron_181002.pdf||target:%20_blank&#8221;][\/vc_column_inner][\/vc_row_inner][vc_custom_heading text=&#8221;Inquire Now&#8221; font_container=&#8221;tag:h3|text_align:left&#8221;][vc_row_inner][vc_column_inner][vc_btn title=&#8221;Email Inquiry&#8221; style=&#8221;outline&#8221; shape=&#8221;square&#8221; color=&#8221;danger&#8221; i_icon_fontawesome=&#8221;fa fa-envelope-o&#8221; add_icon=&#8221;true&#8221; el_class=&#8221;btn-ghost skin-dark career-isotope-button&#8221; link=&#8221;url:mailto%3Ainfo%40w-bosch.de||target:%20_blank|&#8221;][\/vc_column_inner][\/vc_row_inner][\/vc_column][vc_column width=&#8221;2\/3&#8243; el_class=&#8221;equal-height&#8221; css=&#8221;.vc_custom_1481632144172{padding-left: 26px !important;}&#8221;][vc_custom_heading text=&#8221;Vale\u0301ron\u00ae Folie&#8221; use_theme_fonts=&#8221;yes&#8221;][vc_column_text]A cooperation by <strong><br \/>\nW.Bosch+Co. and Vale\u0301ron<span class=\"sup\">\u00ae<\/span>:<\/strong><br \/>\nFor long or short termed storage of transport and storage applications. A special film with many mechanical properties for strong, high-tensile and tear-resistant packaging.<\/p>\n<p><strong>Closed. Waterproof.<\/strong><\/p>\n<p>Val\u00e9ron\u00ae Film keeps its promises: signed and sealed! It even outperforms the many mechanical properties of other films on the market. It is stronger and boasts higher tensile strength and tear resistance.<\/p>\n<p>Its cross-laminated, multilayer structure, low elongation and high strength give you robust, leakproof packaging to protect your products.<\/p>\n<p>On top of that, there\u2019s Val\u00e9ron\u00ae Film\u2019s low transmission rate for water vapour (WVTR). This permits the Val\u00e9ron\u00ae Film to create an ideal atmosphere which therefore preserves your valuable metal goods and products for longer. In a nutshell: strong, leakproof, closed packaging for all types of transport and packaging applications.<\/p>\n<p><strong>Climate. Neutral.<\/strong><\/p>\n<p>Really cold. Warm, warmer and really hot. Val\u00e9ron\u00ae Film is at home in any climate anywhere in the world. Its unique material properties mean Val\u00e9ron\u00ae Film can be used in temperatures ranging from \u201340 \u00b0C to +60 \u00b0C.<\/p>\n<p>Val\u00e9ron\u00ae Film protects your goods and products not only against water, but also against many other substances and elements which can be encountered outdoors. Thanks to Val\u00e9ron\u00ae Film\u2019s high UV resistance, your goods and products are protected against damage at all times, even if stored outdoors for an extended period.<\/p>\n<p><strong>Fixation. Recyclable.<\/strong><\/p>\n<p>To keep Val\u00e9ron\u00ae Film firmly in place, it can be attached quickly and easily using nails or staples to the storage or transport crates. And, what makes Val\u00e9ron\u00ae Film really special: it is 100% recyclable. For the sake of the environment.<\/p>\n<p><strong>Deliverable. Units.<\/strong><\/p>\n<p>Rolls: as individual sheets, tubular, semi-tubular, tubular with side folds.<br \/>\nCut to size: as individual sheets, flat pouches, side fold bags, covers and crate inlays.<\/p>\n<div style=\"display: none !important;\">\n<h4>Sicher stellen.<\/h4>\n<p>Fr\u00fcher oder sp\u00e4ter muss jede Ware transportiert werden. Intern oder extern, gestapelt, sortiert oder auf Paletten. Und nichts ist so \u00e4rgerlich, \u00fcberfl\u00fcssig und teuer, wie wenn beim Transport Ihrer G\u00fcter Schaden durch das Verrutschen der Ladung entsteht. Die extrem strapazierf\u00e4higen Antirutschpapiere aus dem Haus W.Bosch+Co. stellen sicher, dass alles da bleibt, wo es hingeh\u00f6rt.<\/p>\n<p>Mit ihrer speziellen Beschichtung bieten sie nicht nur die perfekte L\u00f6sung gegen das Verrutschen von Stapelgut oder Paletten, verhindern Kratzer und R\u00fcttelsch\u00e4den und sch\u00fctzen Ihr Produkt wirksam vor Schmutz. Die besondere Rezeptur der aufgebrachten Emulsion macht auch ihre Handhabung besonders komfortabel: Ein gegenseitiges Verkleben oder Verblocken der B\u00f6gen ist ausgeschlossen, sie sind besonders griffsympathisch und ber\u00fchrungsfreundlich und nat\u00fcrlich: wiederverwendbar.<\/p>\n<h4>F\u00fcr Sie.<\/h4>\n<p>Ihre Anforderungen sind entscheidend f\u00fcr das, was wir entwickeln. Nur so k\u00f6nnen Produkte entstehen, die perfekt dem entsprechen, was Sie ben\u00f6tigen. So verhindern die Webogrip-Antirutschpapiere von W.Bosch+Co. nicht einfach nur das Verrutschen von Ladung. Wir haben ihnen zahlreiche weitere wertvolle Eigenschaften verliehen, von denen Sie direkt profitieren. Bei jeder Anwendung. Tag f\u00fcr Tag. Und wie Sie es brauchen.<\/p>\n<p>Die hohen Anspr\u00fcche an die hervorragenden Produkteigenschaften unseres Antirutschpapiers lassen sich nur dann erf\u00fcllen, wenn enorm viel Kompetenz aus den unterschiedlichsten technologischen Disziplinen zusammenflie\u00dft. Und weil unser Ziel die immer h\u00f6here Perfektion ist, h\u00f6ren wir nach der Entwicklung einer Innovation keineswegs auf. Vielmehr achten wir weiterhin sehr genau auf die besonderen Wu\u0308nsche und wichtigen Anregungen unserer Kunden. Und optimieren unsere Produkte konsequent. Ganz in Ihrem Sinn.<\/p>\n<h4>Sehr gut.<\/h4>\n<p>Sie stellen besonders hohe Anforderungen an unser Webogrip-Material? Sehr gut! Es leistet n\u00e4mlich auch besonders viel. Kraft- oder Recyclingpapier Besondere Steifigkeit oder extreme Festigkeit? Ein- oder beidseitig beschichtet? Auf Rolle oder im konfektionierten Standardformat? Besonders wirtschaftlich? Die Antirutschpapiere von W.Bosch+Co. meistern jede Herausforderung. In unserer Premiumqualit\u00e4t made in Germany.<\/p>\n<h4>Griffige Argumente. Punkt f\u00fcr Punkt.<\/h4>\n<ul>\n<li>Perfekter Oberfl\u00e4chenschutz auch f\u00fcr exklusive Verkaufsverpackungen<\/li>\n<li>Hervorragende rutschhemmende Wirkung<\/li>\n<li>Hochrei\u00dffest<\/li>\n<li>Fu\u00fcr die maschinelle Zuf\u00fchrung geeignet<\/li>\n<li>100% wiederverwertbar<\/li>\n<li>Zertifiziert f\u00fcr Ladungssicherung<\/li>\n<li>VDI 3968\/2.4.1 \u2013 empfohlen<\/li>\n<li>Reach-Konformit\u00e4tserkl\u00e4rung nach EU-Verordnung 1907\/2006<\/li>\n<li>Gleitreibwerte &gt; 0,60 my<\/li>\n<li>Rutschwinkel &gt; 45\u00b0<\/li>\n<\/ul>\n<\/div>\n<p>[\/vc_column_text][\/vc_column][\/vc_row]<\/p>\n<\/div>","protected":false},"excerpt":{"rendered":"<p>[vc_row css=&#8221;.vc_custom_1534591936519{margin-top: 40px !important;margin-bottom: 40px !important;}&#8221;][vc_column width=&#8221;1\/3&#8243; css=&#8221;.vc_custom_1481632156750{margin-top: 7px !important;border-top-width: 1px !important;border-right-width: 1px !important;border-bottom-width: 1px !important;border-left-width: 1px !important;padding-top: 13px !important;padding-bottom: 30px !important;border-left-color: #c5c5c5 !important;border-left-style: solid !important;border-right-color: #c5c5c5 !important;border-right-style: solid !important;border-top-color: #c5c5c5 !important;border-top-style: solid !important;border-bottom-color: #c5c5c5 !important;border-bottom-style: solid !important;}&#8221; offset=&#8221;vc_hidden-sm vc_hidden-xs&#8221;][vc_single_image image=&#8221;13626&#8243; img_size=&#8221;full&#8221;][vc_custom_heading text=&#8221;Download Now&#8221; font_container=&#8221;tag:h3|text_align:left&#8221;][vc_row_inner][vc_column_inner][vc_btn title=&#8221;W.Bosch+Co._Vale\u0301ron\u00ae (EN) (886 KB)&#8221; style=&#8221;outline&#8221; shape=&#8221;square&#8221; color=&#8221;danger&#8221; i_icon_fontawesome=&#8221;fa fa-file-pdf-o&#8221; add_icon=&#8221;true&#8221;&hellip;<\/p>\n","protected":false},"author":1,"featured_media":0,"parent":13208,"menu_order":0,"comment_status":"closed","ping_status":"closed","template":"fullwidth.php","meta":{"inline_featured_image":false,"footnotes":""},"yoast_head":"<!-- This site is optimized with the Yoast SEO plugin v24.3 - https:\/\/yoast.com\/wordpress\/plugins\/seo\/ -->\n<title>Vale\u0301ron\u00ae - W. Bosch GmbH + Co. KG<\/title>\n<meta name=\"robots\" content=\"index, follow, max-snippet:-1, max-image-preview:large, max-video-preview:-1\" \/>\n<link rel=\"canonical\" href=\"https:\/\/w-bosch.de\/en\/product-overview\/valeron-2\/\" \/>\n<meta property=\"og:locale\" content=\"en_US\" \/>\n<meta property=\"og:type\" content=\"article\" \/>\n<meta property=\"og:title\" content=\"Vale\u0301ron\u00ae - W. Bosch GmbH + Co. KG\" \/>\n<meta property=\"og:description\" content=\"[vc_row css=&#8221;.vc_custom_1534591936519{margin-top: 40px !important;margin-bottom: 40px !important;}&#8221;][vc_column width=&#8221;1\/3&#8243; css=&#8221;.vc_custom_1481632156750{margin-top: 7px !important;border-top-width: 1px !important;border-right-width: 1px !important;border-bottom-width: 1px !important;border-left-width: 1px !important;padding-top: 13px !important;padding-bottom: 30px !important;border-left-color: #c5c5c5 !important;border-left-style: solid !important;border-right-color: #c5c5c5 !important;border-right-style: solid !important;border-top-color: #c5c5c5 !important;border-top-style: solid !important;border-bottom-color: #c5c5c5 !important;border-bottom-style: solid !important;}&#8221; offset=&#8221;vc_hidden-sm vc_hidden-xs&#8221;][vc_single_image image=&#8221;13626&#8243; img_size=&#8221;full&#8221;][vc_custom_heading text=&#8221;Download Now&#8221; font_container=&#8221;tag:h3|text_align:left&#8221;][vc_row_inner][vc_column_inner][vc_btn title=&#8221;W.Bosch+Co._Vale\u0301ron\u00ae (EN) (886 KB)&#8221; style=&#8221;outline&#8221; shape=&#8221;square&#8221; color=&#8221;danger&#8221; i_icon_fontawesome=&#8221;fa fa-file-pdf-o&#8221; add_icon=&#8221;true&#8221;&hellip;\" \/>\n<meta property=\"og:url\" content=\"https:\/\/w-bosch.de\/en\/product-overview\/valeron-2\/\" \/>\n<meta property=\"og:site_name\" content=\"W. Bosch GmbH + Co. KG\" \/>\n<meta property=\"article:modified_time\" content=\"2019-09-27T11:51:08+00:00\" \/>\n<meta name=\"twitter:card\" content=\"summary_large_image\" \/>\n<meta name=\"twitter:label1\" content=\"Est. reading time\" \/>\n\t<meta name=\"twitter:data1\" content=\"5 minutes\" \/>\n<script type=\"application\/ld+json\" class=\"yoast-schema-graph\">{\"@context\":\"https:\/\/schema.org\",\"@graph\":[{\"@type\":\"WebPage\",\"@id\":\"https:\/\/w-bosch.de\/en\/product-overview\/valeron-2\/\",\"url\":\"https:\/\/w-bosch.de\/en\/product-overview\/valeron-2\/\",\"name\":\"Vale\u0301ron\u00ae - W. Bosch GmbH + Co. KG\",\"isPartOf\":{\"@id\":\"https:\/\/w-bosch.de\/#website\"},\"datePublished\":\"2018-10-04T10:35:46+00:00\",\"dateModified\":\"2019-09-27T11:51:08+00:00\",\"breadcrumb\":{\"@id\":\"https:\/\/w-bosch.de\/en\/product-overview\/valeron-2\/#breadcrumb\"},\"inLanguage\":\"en-US\",\"potentialAction\":[{\"@type\":\"ReadAction\",\"target\":[\"https:\/\/w-bosch.de\/en\/product-overview\/valeron-2\/\"]}]},{\"@type\":\"BreadcrumbList\",\"@id\":\"https:\/\/w-bosch.de\/en\/product-overview\/valeron-2\/#breadcrumb\",\"itemListElement\":[{\"@type\":\"ListItem\",\"position\":1,\"name\":\"Startseite\",\"item\":\"https:\/\/w-bosch.de\/en\/home\/\"},{\"@type\":\"ListItem\",\"position\":2,\"name\":\"Product overview\",\"item\":\"https:\/\/w-bosch.de\/en\/product-overview\/\"},{\"@type\":\"ListItem\",\"position\":3,\"name\":\"Vale\u0301ron\u00ae\"}]},{\"@type\":\"WebSite\",\"@id\":\"https:\/\/w-bosch.de\/#website\",\"url\":\"https:\/\/w-bosch.de\/\",\"name\":\"W. Bosch + Co.\",\"description\":\"Papier- und Folienwerke\",\"publisher\":{\"@id\":\"https:\/\/w-bosch.de\/#organization\"},\"potentialAction\":[{\"@type\":\"SearchAction\",\"target\":{\"@type\":\"EntryPoint\",\"urlTemplate\":\"https:\/\/w-bosch.de\/?s={search_term_string}\"},\"query-input\":{\"@type\":\"PropertyValueSpecification\",\"valueRequired\":true,\"valueName\":\"search_term_string\"}}],\"inLanguage\":\"en-US\"},{\"@type\":\"Organization\",\"@id\":\"https:\/\/w-bosch.de\/#organization\",\"name\":\"W. Bosch GmbH + Co. KG\",\"url\":\"https:\/\/w-bosch.de\/\",\"logo\":{\"@type\":\"ImageObject\",\"inLanguage\":\"en-US\",\"@id\":\"https:\/\/w-bosch.de\/#\/schema\/logo\/image\/\",\"url\":\"https:\/\/w-bosch.de\/wp-content\/uploads\/2020\/02\/Bosch_Logo.gif\",\"contentUrl\":\"https:\/\/w-bosch.de\/wp-content\/uploads\/2020\/02\/Bosch_Logo.gif\",\"width\":777,\"height\":182,\"caption\":\"W. Bosch GmbH + Co. KG\"},\"image\":{\"@id\":\"https:\/\/w-bosch.de\/#\/schema\/logo\/image\/\"}}]}<\/script>\n<!-- \/ Yoast SEO plugin. -->","yoast_head_json":{"title":"Vale\u0301ron\u00ae - W. Bosch GmbH + Co. KG","robots":{"index":"index","follow":"follow","max-snippet":"max-snippet:-1","max-image-preview":"max-image-preview:large","max-video-preview":"max-video-preview:-1"},"canonical":"https:\/\/w-bosch.de\/en\/product-overview\/valeron-2\/","og_locale":"en_US","og_type":"article","og_title":"Vale\u0301ron\u00ae - W. Bosch GmbH + Co. KG","og_description":"[vc_row css=&#8221;.vc_custom_1534591936519{margin-top: 40px !important;margin-bottom: 40px !important;}&#8221;][vc_column width=&#8221;1\/3&#8243; css=&#8221;.vc_custom_1481632156750{margin-top: 7px !important;border-top-width: 1px !important;border-right-width: 1px !important;border-bottom-width: 1px !important;border-left-width: 1px !important;padding-top: 13px !important;padding-bottom: 30px !important;border-left-color: #c5c5c5 !important;border-left-style: solid !important;border-right-color: #c5c5c5 !important;border-right-style: solid !important;border-top-color: #c5c5c5 !important;border-top-style: solid !important;border-bottom-color: #c5c5c5 !important;border-bottom-style: solid !important;}&#8221; offset=&#8221;vc_hidden-sm vc_hidden-xs&#8221;][vc_single_image image=&#8221;13626&#8243; img_size=&#8221;full&#8221;][vc_custom_heading text=&#8221;Download Now&#8221; font_container=&#8221;tag:h3|text_align:left&#8221;][vc_row_inner][vc_column_inner][vc_btn title=&#8221;W.Bosch+Co._Vale\u0301ron\u00ae (EN) (886 KB)&#8221; style=&#8221;outline&#8221; shape=&#8221;square&#8221; color=&#8221;danger&#8221; i_icon_fontawesome=&#8221;fa fa-file-pdf-o&#8221; add_icon=&#8221;true&#8221;&hellip;","og_url":"https:\/\/w-bosch.de\/en\/product-overview\/valeron-2\/","og_site_name":"W. Bosch GmbH + Co. KG","article_modified_time":"2019-09-27T11:51:08+00:00","twitter_card":"summary_large_image","twitter_misc":{"Est. reading time":"5 minutes"},"schema":{"@context":"https:\/\/schema.org","@graph":[{"@type":"WebPage","@id":"https:\/\/w-bosch.de\/en\/product-overview\/valeron-2\/","url":"https:\/\/w-bosch.de\/en\/product-overview\/valeron-2\/","name":"Vale\u0301ron\u00ae - W. Bosch GmbH + Co. KG","isPartOf":{"@id":"https:\/\/w-bosch.de\/#website"},"datePublished":"2018-10-04T10:35:46+00:00","dateModified":"2019-09-27T11:51:08+00:00","breadcrumb":{"@id":"https:\/\/w-bosch.de\/en\/product-overview\/valeron-2\/#breadcrumb"},"inLanguage":"en-US","potentialAction":[{"@type":"ReadAction","target":["https:\/\/w-bosch.de\/en\/product-overview\/valeron-2\/"]}]},{"@type":"BreadcrumbList","@id":"https:\/\/w-bosch.de\/en\/product-overview\/valeron-2\/#breadcrumb","itemListElement":[{"@type":"ListItem","position":1,"name":"Startseite","item":"https:\/\/w-bosch.de\/en\/home\/"},{"@type":"ListItem","position":2,"name":"Product overview","item":"https:\/\/w-bosch.de\/en\/product-overview\/"},{"@type":"ListItem","position":3,"name":"Vale\u0301ron\u00ae"}]},{"@type":"WebSite","@id":"https:\/\/w-bosch.de\/#website","url":"https:\/\/w-bosch.de\/","name":"W. Bosch + Co.","description":"Papier- und Folienwerke","publisher":{"@id":"https:\/\/w-bosch.de\/#organization"},"potentialAction":[{"@type":"SearchAction","target":{"@type":"EntryPoint","urlTemplate":"https:\/\/w-bosch.de\/?s={search_term_string}"},"query-input":{"@type":"PropertyValueSpecification","valueRequired":true,"valueName":"search_term_string"}}],"inLanguage":"en-US"},{"@type":"Organization","@id":"https:\/\/w-bosch.de\/#organization","name":"W. Bosch GmbH + Co. KG","url":"https:\/\/w-bosch.de\/","logo":{"@type":"ImageObject","inLanguage":"en-US","@id":"https:\/\/w-bosch.de\/#\/schema\/logo\/image\/","url":"https:\/\/w-bosch.de\/wp-content\/uploads\/2020\/02\/Bosch_Logo.gif","contentUrl":"https:\/\/w-bosch.de\/wp-content\/uploads\/2020\/02\/Bosch_Logo.gif","width":777,"height":182,"caption":"W. Bosch GmbH + Co. KG"},"image":{"@id":"https:\/\/w-bosch.de\/#\/schema\/logo\/image\/"}}]}},"_links":{"self":[{"href":"https:\/\/w-bosch.de\/en\/wp-json\/wp\/v2\/pages\/13579"}],"collection":[{"href":"https:\/\/w-bosch.de\/en\/wp-json\/wp\/v2\/pages"}],"about":[{"href":"https:\/\/w-bosch.de\/en\/wp-json\/wp\/v2\/types\/page"}],"author":[{"embeddable":true,"href":"https:\/\/w-bosch.de\/en\/wp-json\/wp\/v2\/users\/1"}],"replies":[{"embeddable":true,"href":"https:\/\/w-bosch.de\/en\/wp-json\/wp\/v2\/comments?post=13579"}],"version-history":[{"count":10,"href":"https:\/\/w-bosch.de\/en\/wp-json\/wp\/v2\/pages\/13579\/revisions"}],"predecessor-version":[{"id":13925,"href":"https:\/\/w-bosch.de\/en\/wp-json\/wp\/v2\/pages\/13579\/revisions\/13925"}],"up":[{"embeddable":true,"href":"https:\/\/w-bosch.de\/en\/wp-json\/wp\/v2\/pages\/13208"}],"wp:attachment":[{"href":"https:\/\/w-bosch.de\/en\/wp-json\/wp\/v2\/media?parent=13579"}],"curies":[{"name":"wp","href":"https:\/\/api.w.org\/{rel}","templated":true}]}}